{"id":9,"date":"2021-11-22T22:41:09","date_gmt":"2021-11-22T22:41:09","guid":{"rendered":"https:\/\/griecoimmigration.com\/?page_id=9"},"modified":"2022-03-30T00:11:23","modified_gmt":"2022-03-30T05:11:23","slug":"asylum-removal-and-deportation","status":"publish","type":"page","link":"https:\/\/griecoimmigration.com\/es\/practice-areas\/asylum-removal-and-deportation\/","title":{"rendered":"Asilo, Remoci\u00f3n y Deportaci\u00f3n"},"content":{"rendered":"<div data-elementor-type=\"wp-page\" data-elementor-id=\"9\" class=\"elementor elementor-9\" data-elementor-post-type=\"page\">\n\t\t\t\t\t\t<section class=\"elementor-section elementor-top-section elementor-element elementor-element-833aff0 elementor-section-content-top elementor-section-boxed elementor-section-height-default elementor-section-height-default\" data-id=\"833aff0\" data-element_type=\"section\" data-e-type=\"section\">\n\t\t\t\t\t\t<div class=\"elementor-container elementor-column-gap-wide\">\n\t\t\t\t\t<div class=\"elementor-column elementor-col-100 elementor-top-column elementor-element elementor-element-91830dc\" data-id=\"91830dc\" data-element_type=\"column\" data-e-type=\"column\">\n\t\t\t<div class=\"elementor-widget-wrap elementor-element-populated\">\n\t\t\t\t\t\t<div class=\"elementor-element elementor-element-5c0c4cd elementor-widget elementor-widget-heading\" data-id=\"5c0c4cd\" data-element_type=\"widget\" data-e-type=\"widget\" data-widget_type=\"heading.default\">\n\t\t\t\t<div class=\"elementor-widget-container\">\n\t\t\t\t\t<h2 class=\"elementor-heading-title elementor-size-default\">Proceso de Expulsi\u00f3n R\u00e1pida<\/h2>\t\t\t\t<\/div>\n\t\t\t\t<\/div>\n\t\t\t\t<div class=\"elementor-element elementor-element-cb7e73a elementor-widget elementor-widget-text-editor\" data-id=\"cb7e73a\" data-element_type=\"widget\" data-e-type=\"widget\" data-widget_type=\"text-editor.default\">\n\t\t\t\t<div class=\"elementor-widget-container\">\n\t\t\t\t\t\t\t\t\t<p>El gobierno ha detenido y deportado a cientos de miles de personas a trav\u00e9s de un proceso conocido como deportaci\u00f3n r\u00e1pida. <b>La deportaci\u00f3n r\u00e1pida no permite que los no ciudadanos soliciten asilo.<\/b><\/p><p>La deportaci\u00f3n bajo expulsi\u00f3n r\u00e1pida es acelerada y las personas detenidas con frecuencia no saben por qu\u00e9 no pueden presentar su reclamo ante un juez.<\/p><p>Es importante actuar con extrema rapidez cuando una persona se encuentra en proceso de expulsi\u00f3n r\u00e1pida. <b>Gianvito Grieco, Esq.<\/b>est\u00e1 bien preparado para representar a su ser querido en una deportaci\u00f3n r\u00e1pida y ha representado a cientos de familias e individuos detenidos en una expulsi\u00f3n r\u00e1pida.<\/p><p><span style=\"font-size: inherit; text-align: inherit; color: var(--color); font-family: var( --e-global-typography-text-font-family ), Sans-serif; font-weight: var( --e-global-typography-text-font-weight ); font-style: var(--fontStyle, inherit); letter-spacing: var(--letterSpacing); text-transform: var(--textTransform);\">Nuestra oficina ayudar\u00e1 y preparar\u00e1 a las personas detenidas para su entrevista de miedo cre\u00edble y brindar\u00e1 representaci\u00f3n ante un juez de inmigracion en las audiencias de<\/span><b style=\"font-size: inherit; text-align: inherit; color: var(--color); font-family: var( --e-global-typography-text-font-family ), Sans-serif; font-style: var(--fontStyle, inherit); letter-spacing: var(--letterSpacing); text-transform: var(--textTransform);\">\u201cRevisi\u00f3n de Miedo Cre\u00edble\u201d<\/b><span style=\"font-size: inherit; text-align: inherit; color: var(--color); font-family: var( --e-global-typography-text-font-family ), Sans-serif; font-weight: var( --e-global-typography-text-font-weight ); font-style: var(--fontStyle, inherit); letter-spacing: var(--letterSpacing); text-transform: var(--textTransform);\">si no se encuentra ning\u00fan hallazgo de miedo cre\u00edble.<\/span><\/p><p>Es especialmente importante que las personas con \u00f3rdenes de deportaci\u00f3n previas de expulsi\u00f3n r\u00e1pida consulten con nuestra oficina.<\/p>\t\t\t\t\t\t\t\t<\/div>\n\t\t\t\t<\/div>\n\t\t\t\t<div class=\"elementor-element elementor-element-25266d0 elementor-widget-divider--view-line elementor-widget elementor-widget-divider\" data-id=\"25266d0\" data-element_type=\"widget\" data-e-type=\"widget\" data-widget_type=\"divider.default\">\n\t\t\t\t<div class=\"elementor-widget-container\">\n\t\t\t\t\t\t\t<div class=\"elementor-divider\">\n\t\t\t<span class=\"elementor-divider-separator\">\n\t\t\t\t\t\t<\/span>\n\t\t<\/div>\n\t\t\t\t\t\t<\/div>\n\t\t\t\t<\/div>\n\t\t\t\t\t<\/div>\n\t\t<\/div>\n\t\t\t\t\t<\/div>\n\t\t<\/section>\n\t\t\t\t<section class=\"elementor-section elementor-top-section elementor-element elementor-element-e64b124 elementor-section-content-middle elementor-section-boxed elementor-section-height-default elementor-section-height-default\" data-id=\"e64b124\" data-element_type=\"section\" data-e-type=\"section\">\n\t\t\t\t\t\t<div class=\"elementor-container elementor-column-gap-wide\">\n\t\t\t\t\t<div class=\"elementor-column elementor-col-100 elementor-top-column elementor-element elementor-element-f2cf22f\" data-id=\"f2cf22f\" data-element_type=\"column\" data-e-type=\"column\">\n\t\t\t<div class=\"elementor-widget-wrap elementor-element-populated\">\n\t\t\t\t\t\t<div class=\"elementor-element elementor-element-37b2d64 elementor-widget elementor-widget-heading\" data-id=\"37b2d64\" data-element_type=\"widget\" data-e-type=\"widget\" data-widget_type=\"heading.default\">\n\t\t\t\t<div class=\"elementor-widget-container\">\n\t\t\t\t\t<h2 class=\"elementor-heading-title elementor-size-default\">Procesos de Deportaci\u00f3n<\/h2>\t\t\t\t<\/div>\n\t\t\t\t<\/div>\n\t\t\t\t<div class=\"elementor-element elementor-element-24d6855 elementor-widget elementor-widget-text-editor\" data-id=\"24d6855\" data-element_type=\"widget\" data-e-type=\"widget\" data-widget_type=\"text-editor.default\">\n\t\t\t\t<div class=\"elementor-widget-container\">\n\t\t\t\t\t\t\t\t\t<p>Si se determina que un no ciudadano tiene un miedo cre\u00edble de regresar a su pa\u00eds de origen, el Departamento de Seguridad Nacional presenta un <strong>Aviso para Aparecer (\u201cNTA\u201d)<\/strong> que inicia el proceso de deportaci\u00f3n.<\/p><p>Nuestra oficina puede ayudar a solicitar asilo, remoci\u00f3n de deportaci\u00f3n y protecci\u00f3n bajo la <b>Convenci\u00f3n contra la Tortura (CAT)<\/b>; cancelaci\u00f3n de orden de deportaci\u00f3n para Residentes Permanentes Legales o Residentes Permanentes no Legales, Ajuste de estatus y salida voluntaria.<\/p><p><b>Las leyes de inmigraci\u00f3n permiten que las personas soliciten asilo si han sido objeto de persecuci\u00f3n en el pasado o si tienen un temor bien fundado de persecuci\u00f3n en el futuro por motivos de raza, religi\u00f3n, nacionalidad, opini\u00f3n pol\u00edtica o pertenencia a un grupo social en particular.<\/b><\/p><p>Las personas pueden solicitar asilo en los Estados Unidos: <b>(1)<\/b> Presentando una solicitud de asilo afirmativo ante USCIS; o <b>(2)<\/b> a la defensiva con un tribunal de inmigraci\u00f3n.<\/p><p>D\u00f3nde presentar la solicitud dependen de la situaci\u00f3n del solicitante.<\/p><p>Un solicitante de asilo debe presentar su solicitud (<b>I-589<\/b>dentro de un a\u00f1o de su \u00faltima entrada a los Estados Unidos.<\/p><p>Hay excepciones y las leyes de asilo de los Estados Unidos son complejas. Es importante tener un abogado con experiencia a su lado mientras navega por este proceso.<\/p>\t\t\t\t\t\t\t\t<\/div>\n\t\t\t\t<\/div>\n\t\t\t\t<div class=\"elementor-element elementor-element-eab151b elementor-widget-divider--view-line elementor-widget elementor-widget-divider\" data-id=\"eab151b\" data-element_type=\"widget\" data-e-type=\"widget\" data-widget_type=\"divider.default\">\n\t\t\t\t<div class=\"elementor-widget-container\">\n\t\t\t\t\t\t\t<div class=\"elementor-divider\">\n\t\t\t<span class=\"elementor-divider-separator\">\n\t\t\t\t\t\t<\/span>\n\t\t<\/div>\n\t\t\t\t\t\t<\/div>\n\t\t\t\t<\/div>\n\t\t\t\t\t<\/div>\n\t\t<\/div>\n\t\t\t\t\t<\/div>\n\t\t<\/section>\n\t\t\t\t<section class=\"elementor-section elementor-top-section elementor-element elementor-element-78349f9 elementor-section-content-top elementor-section-boxed elementor-section-height-default elementor-section-height-default\" data-id=\"78349f9\" data-element_type=\"section\" data-e-type=\"section\">\n\t\t\t\t\t\t<div class=\"elementor-container elementor-column-gap-wider\">\n\t\t\t\t\t<div class=\"elementor-column elementor-col-50 elementor-top-column elementor-element elementor-element-b30589b\" data-id=\"b30589b\" data-element_type=\"column\" data-e-type=\"column\">\n\t\t\t<div class=\"elementor-widget-wrap elementor-element-populated\">\n\t\t\t\t\t\t<div class=\"elementor-element elementor-element-3f5d07e elementor-widget elementor-widget-heading\" data-id=\"3f5d07e\" data-element_type=\"widget\" data-e-type=\"widget\" data-widget_type=\"heading.default\">\n\t\t\t\t<div class=\"elementor-widget-container\">\n\t\t\t\t\t<h2 class=\"elementor-heading-title elementor-size-default\">Fianza, Liberaci\u00f3n de Detenci\u00f3n<\/h2>\t\t\t\t<\/div>\n\t\t\t\t<\/div>\n\t\t\t\t<div class=\"elementor-element elementor-element-4bd2f98 elementor-widget elementor-widget-text-editor\" data-id=\"4bd2f98\" data-element_type=\"widget\" data-e-type=\"widget\" data-widget_type=\"text-editor.default\">\n\t\t\t\t<div class=\"elementor-widget-container\">\n\t\t\t\t\t\t\t\t\t<p><b>Las personas detenidas en proceso de deportaci\u00f3n pueden ser elegibles para una fianza ofrecida por el Tribunal de Inmigraci\u00f3n.<\/b><\/p><p>Nuestra oficina puede representar a personas en procesos de fianza ante el Tribunal de Inmigraci\u00f3n. Nuestra oficina tambi\u00e9n puede solicitar la redeterminaci\u00f3n cuando ICE ha decidido no ofrecer una fianza o ha fijado una fianza demasiado alta.<\/p><p>Nuestra oficina tambi\u00e9n puede argumentar que ICE debe ejercer su discreci\u00f3n y liberar a una persona de la detenci\u00f3n.<\/p>\t\t\t\t\t\t\t\t<\/div>\n\t\t\t\t<\/div>\n\t\t\t\t\t<\/div>\n\t\t<\/div>\n\t\t\t\t<div class=\"elementor-column elementor-col-50 elementor-top-column elementor-element elementor-element-c3d7e07\" data-id=\"c3d7e07\" data-element_type=\"column\" data-e-type=\"column\">\n\t\t\t<div class=\"elementor-widget-wrap elementor-element-populated\">\n\t\t\t\t\t\t<div class=\"elementor-element elementor-element-2f596eb elementor-widget elementor-widget-heading\" data-id=\"2f596eb\" data-element_type=\"widget\" data-e-type=\"widget\" data-widget_type=\"heading.default\">\n\t\t\t\t<div class=\"elementor-widget-container\">\n\t\t\t\t\t<h2 class=\"elementor-heading-title elementor-size-default\">Apelaci\u00f3n<\/h2>\t\t\t\t<\/div>\n\t\t\t\t<\/div>\n\t\t\t\t<div class=\"elementor-element elementor-element-c2429d7 elementor-widget elementor-widget-text-editor\" data-id=\"c2429d7\" data-element_type=\"widget\" data-e-type=\"widget\" data-widget_type=\"text-editor.default\">\n\t\t\t\t<div class=\"elementor-widget-container\">\n\t\t\t\t\t\t\t\t\t<p>Las decisiones en procesos de deportaci\u00f3n o fianza se pueden apelar ante la <b>Junta de Apelaciones de Inmigraci\u00f3n (\u201cBIA\u201d) <\/b>dentro de los 30 d\u00edas posteriores a la decisi\u00f3n del tribunal. Nuestra oficina puede preparar un escrito impugnando la decisi\u00f3n del juez de inmigraci\u00f3n a la BIA.<\/p>\t\t\t\t\t\t\t\t<\/div>\n\t\t\t\t<\/div>\n\t\t\t\t\t<\/div>\n\t\t<\/div>\n\t\t\t\t\t<\/div>\n\t\t<\/section>\n\t\t\t\t<section class=\"elementor-section elementor-top-section elementor-element elementor-element-e7da229 elementor-section-content-top elementor-reverse-mobile elementor-section-boxed elementor-section-height-default elementor-section-height-default\" data-id=\"e7da229\" data-element_type=\"section\" data-e-type=\"section\">\n\t\t\t\t\t\t<div class=\"elementor-container elementor-column-gap-wider\">\n\t\t\t\t\t<div class=\"elementor-column elementor-col-50 elementor-top-column elementor-element elementor-element-67c0578\" data-id=\"67c0578\" data-element_type=\"column\" data-e-type=\"column\">\n\t\t\t<div class=\"elementor-widget-wrap elementor-element-populated\">\n\t\t\t\t\t\t<div class=\"elementor-element elementor-element-15f84f6 elementor-widget elementor-widget-heading\" data-id=\"15f84f6\" data-element_type=\"widget\" data-e-type=\"widget\" data-widget_type=\"heading.default\">\n\t\t\t\t<div class=\"elementor-widget-container\">\n\t\t\t\t\t<h2 class=\"elementor-heading-title elementor-size-default\">Moci\u00f3n para Reabrir y Mociones para Reconsiderar<\/h2>\t\t\t\t<\/div>\n\t\t\t\t<\/div>\n\t\t\t\t<div class=\"elementor-element elementor-element-5966125 elementor-widget elementor-widget-text-editor\" data-id=\"5966125\" data-element_type=\"widget\" data-e-type=\"widget\" data-widget_type=\"text-editor.default\">\n\t\t\t\t<div class=\"elementor-widget-container\">\n\t\t\t\t\t\t\t\t\t<p>There are strict rules regarding the filing of motions to reopen once a final order of removal has been entered. Our office can submit motions to reopen to rescind\u00a0<em>in absentia<\/em>\u00a0orders of removal where an individual did not appear because they were not provided notice of the hearing as well as under other circumstances.<\/p><p><b>A Motion to Reconsider may be filed within 30 days of an Immigration Judge&#8217;s decision in a case<\/b>.<\/p><p>The motion must set forth the errors of fact or law that the judge made in their decision.\u00a0We also can negotiate with DHS to file joint motions and advocate for exercise of prosecutorial\u00a0discretion.<\/p>\t\t\t\t\t\t\t\t<\/div>\n\t\t\t\t<\/div>\n\t\t\t\t\t<\/div>\n\t\t<\/div>\n\t\t\t\t<div class=\"elementor-column elementor-col-50 elementor-top-column elementor-element elementor-element-71b7307\" data-id=\"71b7307\" data-element_type=\"column\" data-e-type=\"column\">\n\t\t\t<div class=\"elementor-widget-wrap elementor-element-populated\">\n\t\t\t\t\t\t<div class=\"elementor-element elementor-element-3260d10 elementor-widget elementor-widget-heading\" data-id=\"3260d10\" data-element_type=\"widget\" data-e-type=\"widget\" data-widget_type=\"heading.default\">\n\t\t\t\t<div class=\"elementor-widget-container\">\n\t\t\t\t\t<h2 class=\"elementor-heading-title elementor-size-default\">Work Permits<\/h2>\t\t\t\t<\/div>\n\t\t\t\t<\/div>\n\t\t\t\t<div class=\"elementor-element elementor-element-0bfb6bd elementor-widget elementor-widget-text-editor\" data-id=\"0bfb6bd\" data-element_type=\"widget\" data-e-type=\"widget\" data-widget_type=\"text-editor.default\">\n\t\t\t\t<div class=\"elementor-widget-container\">\n\t\t\t\t\t\t\t\t\t<p>Depending on your application category, you may be eligible for a work\u00a0permit. For example, once an application for asylum (<b>I-589<\/b>) has been filed and the required time has elapsed, our office can assist with securing a work permit while removal proceedings are ongoing.<\/p><p>Our office can also help determine if you are eligible for a work permit under another category, for example if you have been released under an <b>Order of Supervision<\/b>. We can also assist with renewals.<\/p>\t\t\t\t\t\t\t\t<\/div>\n\t\t\t\t<\/div>\n\t\t\t\t\t<\/div>\n\t\t<\/div>\n\t\t\t\t\t<\/div>\n\t\t<\/section>\n\t\t\t\t<\/div>","protected":false},"excerpt":{"rendered":"<p>Expedited Removal The government has detained and deported hundreds of thousands of individuals through a process known as expedited removal. Expedited removal does not allow noncitizens to apply for asylum. Deportation under expedited removal is quick and detained individuals frequently do not know why they are not able to present their claim to a judge. [&hellip;]<\/p>\n","protected":false},"author":3,"featured_media":0,"parent":626,"menu_order":2,"comment_status":"closed","ping_status":"closed","template":"","meta":{"content-type":"","footnotes":""},"class_list":["post-9","page","type-page","status-publish","hentry"],"blocksy_meta":{"styles_descriptor":{"styles":{"desktop":"","tablet":"","mobile":""},"google_fonts":[],"version":6}},"_links":{"self":[{"href":"https:\/\/griecoimmigration.com\/es\/wp-json\/wp\/v2\/pages\/9","targetHints":{"allow":["GET"]}}],"collection":[{"href":"https:\/\/griecoimmigration.com\/es\/wp-json\/wp\/v2\/pages"}],"about":[{"href":"https:\/\/griecoimmigration.com\/es\/wp-json\/wp\/v2\/types\/page"}],"author":[{"embeddable":true,"href":"https:\/\/griecoimmigration.com\/es\/wp-json\/wp\/v2\/users\/3"}],"replies":[{"embeddable":true,"href":"https:\/\/griecoimmigration.com\/es\/wp-json\/wp\/v2\/comments?post=9"}],"version-history":[{"count":0,"href":"https:\/\/griecoimmigration.com\/es\/wp-json\/wp\/v2\/pages\/9\/revisions"}],"up":[{"embeddable":true,"href":"https:\/\/griecoimmigration.com\/es\/wp-json\/wp\/v2\/pages\/626"}],"wp:attachment":[{"href":"https:\/\/griecoimmigration.com\/es\/wp-json\/wp\/v2\/media?parent=9"}],"curies":[{"name":"wp","href":"https:\/\/api.w.org\/{rel}","templated":true}]}}