{"id":447,"date":"2019-05-09T03:16:20","date_gmt":"2019-05-09T03:16:20","guid":{"rendered":"https:\/\/democontent.codex-themes.com\/sites-elementor\/lawyers-attorneys\/news-page-2\/"},"modified":"2022-03-30T00:00:27","modified_gmt":"2022-03-30T05:00:27","slug":"about-me","status":"publish","type":"page","link":"https:\/\/griecoimmigration.com\/es\/about-me\/","title":{"rendered":"Sobre M\u00ed"},"content":{"rendered":"<div data-elementor-type=\"wp-page\" data-elementor-id=\"447\" class=\"elementor elementor-447\" data-elementor-post-type=\"page\">\n\t\t\t\t\t\t<section class=\"elementor-section elementor-top-section elementor-element elementor-element-607567 elementor-section-content-middle elementor-reverse-mobile elementor-section-boxed elementor-section-height-default elementor-section-height-default\" data-id=\"607567\" data-element_type=\"section\" data-e-type=\"section\">\n\t\t\t\t\t\t<div class=\"elementor-container elementor-column-gap-wide\">\n\t\t\t\t\t<div class=\"elementor-column elementor-col-33 elementor-top-column elementor-element elementor-element-62fbe4bd\" data-id=\"62fbe4bd\" data-element_type=\"column\" data-e-type=\"column\">\n\t\t\t<div class=\"elementor-widget-wrap elementor-element-populated\">\n\t\t\t\t\t\t<div class=\"elementor-element elementor-element-29d31712 elementor-invisible elementor-widget elementor-widget-heading\" data-id=\"29d31712\" data-element_type=\"widget\" data-e-type=\"widget\" data-settings=\"{&quot;_animation&quot;:&quot;fadeInUp&quot;}\" data-widget_type=\"heading.default\">\n\t\t\t\t<div class=\"elementor-widget-container\">\n\t\t\t\t\t<h2 class=\"elementor-heading-title elementor-size-default\">Gianvito Grieco, Esq.<\/h2>\t\t\t\t<\/div>\n\t\t\t\t<\/div>\n\t\t\t\t<div class=\"elementor-element elementor-element-4d9321f5 elementor-widget elementor-widget-text-editor\" data-id=\"4d9321f5\" data-element_type=\"widget\" data-e-type=\"widget\" data-settings=\"{&quot;_animation&quot;:&quot;none&quot;}\" data-widget_type=\"text-editor.default\">\n\t\t\t\t<div class=\"elementor-widget-container\">\n\t\t\t\t\t\t\t\t\t<p>Vivo la vida con un gran prop\u00f3sito. Busco empoderar a mis clientes para que puedan vivir con la dignidad que todos los seres humanos merecen. Realmente amo trabajar como abogado de inmigraci\u00f3n y poder servir a los dem\u00e1s.<\/p>\n<p>Mi pasi\u00f3n por la ley de inmigraci\u00f3n fue inspirada en el viaje de inmigrantes de mis padres de Italia y Argentina a los Estados Unidos.<\/p><p>Mi familia vino a los Estados Unidos en b\u00fasqueda de una mejor vida. Trabajo muy duro para todos mis clientes porque se que mis esfuerzos marcaran la diferencia entre si una persona puede alcanzar o no el mismo sue\u00f1o que yo tuve el privilegio de alcanzar.&nbsp;<\/p>\t\t\t\t\t\t\t\t<\/div>\n\t\t\t\t<\/div>\n\t\t\t\t\t<\/div>\n\t\t<\/div>\n\t\t\t\t<div class=\"elementor-column elementor-col-66 elementor-top-column elementor-element elementor-element-83deb94\" data-id=\"83deb94\" data-element_type=\"column\" data-e-type=\"column\">\n\t\t\t<div class=\"elementor-widget-wrap elementor-element-populated\">\n\t\t\t\t\t\t<div class=\"elementor-element elementor-element-c76997b elementor-widget elementor-widget-image\" data-id=\"c76997b\" data-element_type=\"widget\" data-e-type=\"widget\" data-widget_type=\"image.default\">\n\t\t\t\t<div class=\"elementor-widget-container\">\n\t\t\t\t\t\t\t\t\t\t\t\t\t\t\t<img fetchpriority=\"high\" decoding=\"async\" width=\"1024\" height=\"683\" src=\"https:\/\/griecoimmigration.com\/wp-content\/uploads\/2022\/01\/Grieco_Lawyer_North_Palm_Beach-1024x683.webp\" class=\"attachment-large size-large wp-image-2561\" alt=\"Gianvito Grieco - Miami Immigration Lawyer\" srcset=\"https:\/\/griecoimmigration.com\/wp-content\/uploads\/2022\/01\/Grieco_Lawyer_North_Palm_Beach-1024x683.webp 1024w, https:\/\/griecoimmigration.com\/wp-content\/uploads\/2022\/01\/Grieco_Lawyer_North_Palm_Beach-300x200.webp 300w, https:\/\/griecoimmigration.com\/wp-content\/uploads\/2022\/01\/Grieco_Lawyer_North_Palm_Beach-768x512.webp 768w, https:\/\/griecoimmigration.com\/wp-content\/uploads\/2022\/01\/Grieco_Lawyer_North_Palm_Beach-1536x1024.webp 1536w, https:\/\/griecoimmigration.com\/wp-content\/uploads\/2022\/01\/Grieco_Lawyer_North_Palm_Beach.webp 1600w\" sizes=\"(max-width: 1024px) 100vw, 1024px\" \/>\t\t\t\t\t\t\t\t\t\t\t\t\t\t\t<\/div>\n\t\t\t\t<\/div>\n\t\t\t\t<div class=\"elementor-element elementor-element-5f91fd0 e-transform elementor-widget__width-auto elementor-widget elementor-widget-heading\" data-id=\"5f91fd0\" data-element_type=\"widget\" data-e-type=\"widget\" data-settings=\"{&quot;_transform_translateY_effect&quot;:{&quot;unit&quot;:&quot;px&quot;,&quot;size&quot;:-69,&quot;sizes&quot;:[]},&quot;_transform_translateX_effect&quot;:{&quot;unit&quot;:&quot;px&quot;,&quot;size&quot;:&quot;&quot;,&quot;sizes&quot;:[]},&quot;_transform_translateX_effect_laptop&quot;:{&quot;unit&quot;:&quot;px&quot;,&quot;size&quot;:&quot;&quot;,&quot;sizes&quot;:[]},&quot;_transform_translateX_effect_tablet&quot;:{&quot;unit&quot;:&quot;px&quot;,&quot;size&quot;:&quot;&quot;,&quot;sizes&quot;:[]},&quot;_transform_translateX_effect_mobile_extra&quot;:{&quot;unit&quot;:&quot;px&quot;,&quot;size&quot;:&quot;&quot;,&quot;sizes&quot;:[]},&quot;_transform_translateX_effect_mobile&quot;:{&quot;unit&quot;:&quot;px&quot;,&quot;size&quot;:&quot;&quot;,&quot;sizes&quot;:[]},&quot;_transform_translateY_effect_laptop&quot;:{&quot;unit&quot;:&quot;px&quot;,&quot;size&quot;:&quot;&quot;,&quot;sizes&quot;:[]},&quot;_transform_translateY_effect_tablet&quot;:{&quot;unit&quot;:&quot;px&quot;,&quot;size&quot;:&quot;&quot;,&quot;sizes&quot;:[]},&quot;_transform_translateY_effect_mobile_extra&quot;:{&quot;unit&quot;:&quot;px&quot;,&quot;size&quot;:&quot;&quot;,&quot;sizes&quot;:[]},&quot;_transform_translateY_effect_mobile&quot;:{&quot;unit&quot;:&quot;px&quot;,&quot;size&quot;:&quot;&quot;,&quot;sizes&quot;:[]}}\" data-widget_type=\"heading.default\">\n\t\t\t\t<div class=\"elementor-widget-container translation-block\"><span class=\"elementor-heading-title elementor-size-default\">MI PASI\u00d3N POR LA LEY DE INMIGRACI\u00d3N FUE INSPIRADA EN EL VIAJE<br>DE INMIGRANTES DE MIS PADRES DE ITALIA Y ARGENTINA A LOS ESTADOS UNIDOS.<\/span><\/div>\n\t\t\t\t<\/div>\n\t\t\t\t\t<\/div>\n\t\t<\/div>\n\t\t\t\t\t<\/div>\n\t\t<\/section>\n\t\t\t\t<section class=\"elementor-section elementor-top-section elementor-element elementor-element-f34d270 elementor-section-boxed elementor-section-height-default elementor-section-height-default\" data-id=\"f34d270\" data-element_type=\"section\" data-e-type=\"section\">\n\t\t\t\t\t\t<div class=\"elementor-container elementor-column-gap-default\">\n\t\t\t\t\t<div class=\"elementor-column elementor-col-50 elementor-top-column elementor-element elementor-element-66c0671\" data-id=\"66c0671\" data-element_type=\"column\" data-e-type=\"column\" data-settings=\"{&quot;background_background&quot;:&quot;classic&quot;}\">\n\t\t\t<div class=\"elementor-widget-wrap elementor-element-populated\">\n\t\t\t\t\t<div class=\"elementor-background-overlay\"><\/div>\n\t\t\t\t\t\t<div class=\"elementor-element elementor-element-c3a41df elementor-widget elementor-widget-image\" data-id=\"c3a41df\" data-element_type=\"widget\" data-e-type=\"widget\" data-widget_type=\"image.default\">\n\t\t\t\t<div class=\"elementor-widget-container\">\n\t\t\t\t\t\t\t\t\t\t\t\t\t\t\t<img decoding=\"async\" width=\"966\" height=\"697\" src=\"https:\/\/griecoimmigration.com\/wp-content\/uploads\/2022\/02\/traveling-europe-africa-middle-east.webp\" class=\"attachment-large size-large wp-image-3692\" alt=\"\" srcset=\"https:\/\/griecoimmigration.com\/wp-content\/uploads\/2022\/02\/traveling-europe-africa-middle-east.webp 966w, https:\/\/griecoimmigration.com\/wp-content\/uploads\/2022\/02\/traveling-europe-africa-middle-east-300x216.webp 300w, https:\/\/griecoimmigration.com\/wp-content\/uploads\/2022\/02\/traveling-europe-africa-middle-east-768x554.webp 768w\" sizes=\"(max-width: 966px) 100vw, 966px\" \/>\t\t\t\t\t\t\t\t\t\t\t\t\t\t\t<\/div>\n\t\t\t\t<\/div>\n\t\t\t\t<div class=\"elementor-element elementor-element-d40799f elementor-widget elementor-widget-text-editor\" data-id=\"d40799f\" data-element_type=\"widget\" data-e-type=\"widget\" data-settings=\"{&quot;_animation&quot;:&quot;none&quot;}\" data-widget_type=\"text-editor.default\">\n\t\t\t\t<div class=\"elementor-widget-container\">\n\t\t\t\t\t\t\t\t\t<p>Despu\u00e9s de recibirme de la facultad de derecho, pas\u00e9 dos a\u00f1os viviendo en el extranjero en Europa, Medio Oriente y \u00c1frica Occidental. Vi la vida a trav\u00e9s de diferentes lentes y perspectivas. Me vi obligado a aprender a comunicarse con los dem\u00e1s a pesar de no hablar el mismo idioma y poder construir fuerza y f\u00e9 en situaciones desconocidas y de confrontaci\u00f3n que me sirven hoy en d\u00eda como abogado.<\/p><p>Tambi\u00e9n aprend\u00ed a ver lo mejor en cada una de las personas.<\/p>\t\t\t\t\t\t\t\t<\/div>\n\t\t\t\t<\/div>\n\t\t\t\t\t<\/div>\n\t\t<\/div>\n\t\t\t\t<div class=\"elementor-column elementor-col-50 elementor-top-column elementor-element elementor-element-98ac45a\" data-id=\"98ac45a\" data-element_type=\"column\" data-e-type=\"column\">\n\t\t\t<div class=\"elementor-widget-wrap elementor-element-populated\">\n\t\t\t\t\t\t<div class=\"elementor-element elementor-element-739555c3 elementor-widget elementor-widget-text-editor\" data-id=\"739555c3\" data-element_type=\"widget\" data-e-type=\"widget\" data-widget_type=\"text-editor.default\">\n\t\t\t\t<div class=\"elementor-widget-container\">\n\t\t\t\t\t\t\t\t\t<p>Regrese a los Estados Unidos listo para usar mis fortalezas y habilidades para el servicio a los dem\u00e1s.  Me un\u00ed a una organizaci\u00f3n sin fines de lucro que brinda servicios legales a ni\u00f1os, familias y refugiados inmigrantes en Texas.<\/p><p>Luch\u00e9 en nombre de cientos de clientes durante una \u00e9poca en que los Estados Unidos estaba experimentando un ataque sin precedentes contra los derechos y prejuicios de los inmigrantes.<\/p>\t\t\t\t\t\t\t\t<\/div>\n\t\t\t\t<\/div>\n\t\t\t\t<div class=\"elementor-element elementor-element-6a4e4d6 elementor-widget elementor-widget-text-editor\" data-id=\"6a4e4d6\" data-element_type=\"widget\" data-e-type=\"widget\" data-widget_type=\"text-editor.default\">\n\t\t\t\t<div class=\"elementor-widget-container\">\n\t\t\t\t\t\t\t\t\t<p>Con los a\u00f1os aprend\u00ed lo que se necesita para brindar lo mejor para el bienestar y el \u00e9xito de mis clientes:<\/p><p>Los siguientes principios son los que gu\u00edan mi trabajo y mi compromiso diario con mis clientes:<\/p>\t\t\t\t\t\t\t\t<\/div>\n\t\t\t\t<\/div>\n\t\t\t\t<div class=\"elementor-element elementor-element-fdb0b28 elementor-widget elementor-widget-text-editor\" data-id=\"fdb0b28\" data-element_type=\"widget\" data-e-type=\"widget\" data-settings=\"{&quot;_animation&quot;:&quot;none&quot;}\" data-widget_type=\"text-editor.default\">\n\t\t\t\t<div class=\"elementor-widget-container\">\n\t\t\t\t\t\t\t\t\t<p><strong>Me comprometo a mantener un alto nivel de comunicaci\u00f3n.<\/strong> Creo que los clientes no solo deben ser representados entusi\u00e1sticamente, sino que deben ser educados e informados completamente sobre su proceso legal. Me tomo el tiempo para involucrarme y educar a todos mis clientes.<\/p>\t\t\t\t\t\t\t\t<\/div>\n\t\t\t\t<\/div>\n\t\t\t\t<div class=\"elementor-element elementor-element-b93b819 elementor-widget elementor-widget-text-editor\" data-id=\"b93b819\" data-element_type=\"widget\" data-e-type=\"widget\" data-settings=\"{&quot;_animation&quot;:&quot;none&quot;}\" data-widget_type=\"text-editor.default\">\n\t\t\t\t<div class=\"elementor-widget-container\">\n\t\t\t\t\t\t\t\t\t<p><b>Me comprometo a buscar todas las oportunidades posibles para mis clientes.<\/b> Considero que los abogados se contratan para brindar soluciones, no simplemente para realizar un trabajo legal. No se puede garantizar el \u00e9xito en la ley de inmigracion, pero me enorgullece y me responsabilizo de acompa\u00f1ar a mis clientes durante la representaci\u00f3n y verlos triunfar.<\/p>\t\t\t\t\t\t\t\t<\/div>\n\t\t\t\t<\/div>\n\t\t\t\t\t<\/div>\n\t\t<\/div>\n\t\t\t\t\t<\/div>\n\t\t<\/section>\n\t\t\t\t<\/div>","protected":false},"excerpt":{"rendered":"<p>Gianvito Grieco, Esq. I live life with a strong purpose. In my life, I seek to empower my clients so that they may live with the dignity that all humans deserve. I truly love working as an immigration attorney and being able to serve. My passion for immigration law is inspired by the immigrant journey [&hellip;]<\/p>\n","protected":false},"author":3,"featured_media":0,"parent":0,"menu_order":0,"comment_status":"closed","ping_status":"closed","template":"elementor_header_footer","meta":{"content-type":"","footnotes":""},"class_list":["post-447","page","type-page","status-publish","hentry"],"blocksy_meta":{"styles_descriptor":{"styles":{"desktop":"","tablet":"","mobile":""},"google_fonts":[],"version":6}},"_links":{"self":[{"href":"https:\/\/griecoimmigration.com\/es\/wp-json\/wp\/v2\/pages\/447","targetHints":{"allow":["GET"]}}],"collection":[{"href":"https:\/\/griecoimmigration.com\/es\/wp-json\/wp\/v2\/pages"}],"about":[{"href":"https:\/\/griecoimmigration.com\/es\/wp-json\/wp\/v2\/types\/page"}],"author":[{"embeddable":true,"href":"https:\/\/griecoimmigration.com\/es\/wp-json\/wp\/v2\/users\/3"}],"replies":[{"embeddable":true,"href":"https:\/\/griecoimmigration.com\/es\/wp-json\/wp\/v2\/comments?post=447"}],"version-history":[{"count":0,"href":"https:\/\/griecoimmigration.com\/es\/wp-json\/wp\/v2\/pages\/447\/revisions"}],"wp:attachment":[{"href":"https:\/\/griecoimmigration.com\/es\/wp-json\/wp\/v2\/media?parent=447"}],"curies":[{"name":"wp","href":"https:\/\/api.w.org\/{rel}","templated":true}]}}