{"id":4102,"date":"2022-03-29T21:08:14","date_gmt":"2022-03-30T02:08:14","guid":{"rendered":"https:\/\/griecoimmigration.com\/?page_id=4102"},"modified":"2022-03-30T00:18:05","modified_gmt":"2022-03-30T05:18:05","slug":"special-immigrant-juveniles","status":"publish","type":"page","link":"https:\/\/griecoimmigration.com\/es\/practice-areas\/special-immigrant-juveniles\/","title":{"rendered":"Inmigrante Juvenil Especial"},"content":{"rendered":"<div data-elementor-type=\"wp-page\" data-elementor-id=\"4102\" class=\"elementor elementor-4102\" data-elementor-post-type=\"page\">\n\t\t\t\t\t\t<section class=\"elementor-section elementor-top-section elementor-element elementor-element-492036b elementor-section-content-middle elementor-section-boxed elementor-section-height-default elementor-section-height-default\" data-id=\"492036b\" data-element_type=\"section\" data-e-type=\"section\">\n\t\t\t\t\t\t<div class=\"elementor-container elementor-column-gap-wide\">\n\t\t\t\t\t<div class=\"elementor-column elementor-col-100 elementor-top-column elementor-element elementor-element-461f2c6\" data-id=\"461f2c6\" data-element_type=\"column\" data-e-type=\"column\">\n\t\t\t<div class=\"elementor-widget-wrap elementor-element-populated\">\n\t\t\t\t\t\t<div class=\"elementor-element elementor-element-1266f63 elementor-widget elementor-widget-text-editor\" data-id=\"1266f63\" data-element_type=\"widget\" data-e-type=\"widget\" data-widget_type=\"text-editor.default\">\n\t\t\t\t<div class=\"elementor-widget-container\">\n\t\t\t\t\t\t\t\t\t<p><b>Grieco Immigration Law tiene una amplia experiencia trabajando con ni\u00f1os, especialmente aquellos que han experimentado un trauma en su pa\u00eds de origen.<\/b><\/p><p>Si est\u00e1 en los Estados Unidos y necesita la protecci\u00f3n de un tribunal de menores porque ha sido abusado, abandonado o descuidado por uno de sus padres, puede ser elegible para la clasificaci\u00f3n de Inmigrante Juvenil Especial (SIJ)<\/p><p><strong>Hay varios requisitos para ser elegible para SIJ.<\/strong><\/p><p><strong>Primero<\/strong>debe tener menos de 21 a\u00f1os al momento de la petici\u00f3n de SIJ.<\/p><p><strong>Segundo,<\/strong> debe estar viviendo actualmente en los Estados Unidos. No se puede presentar una solicitud desde fuera del pa\u00eds para venir a los Estados Unidos con la clasificaci\u00f3n SIJ. Esto debe ser cierto tanto en el momento en que se presenta la petici\u00f3n SIJ como en el momento en que USCIS toma una decisi\u00f3n sobre su petici\u00f3n.<\/p><p><strong>Tercero<\/strong>, debe estar soltero al momento de presentar la petici\u00f3n SIJ y al momento en que USCIS toma una decisi\u00f3n sobre su petici\u00f3n.<\/p><p><strong>Cuarto<\/strong>, debe tener una orden judicial de menores v\u00e1lida emitida por un tribunal estatal en los Estados Unidos que determina que:<\/p><ol><li>Usted depende del tribunal o est\u00e1 bajo la custodia de una agencia o departamento estatal o de una persona o entidad designada por el tribunal;<\/li><li>Usted no puede estar reunido con ninguno de sus padres por cualquiera de las siguientes razones: abuso, abandono, negligencia o por algo similar bajo la ley estatal Y no le conviene regresar al pa\u00eds de nacionalidad o \u00faltima residencia habitual de usted o sus padres.<\/li><\/ol><p>Algunos tribunales de menores solo pueden emitir una orden judicial de menores si usted es menor de 18 a\u00f1os.<\/p><p>Gianvito Grieco, Esq. tiene licencia para ejercer la abogac\u00eda en el estado de la Florida y tiene experiencia en la defensa de dicha orden.<\/p><p>Si se otorga la clasificaci\u00f3n SIJ puede calificar para residencia permanente legal (tambi\u00e9n conocida como obtener una tarjeta verde).<\/p>\t\t\t\t\t\t\t\t<\/div>\n\t\t\t\t<\/div>\n\t\t\t\t\t<\/div>\n\t\t<\/div>\n\t\t\t\t\t<\/div>\n\t\t<\/section>\n\t\t\t\t<\/div>","protected":false},"excerpt":{"rendered":"<p>Grieco Immigration Law has extensive experience working with children, especially those that have experienced trauma in their home country. If you are in the United States and need the protection of a juvenile court because you have been abused, abandoned or neglected by a parent, you may be eligible for Special Immigrant Juvenile (SIJ) classification. [&hellip;]<\/p>\n","protected":false},"author":3,"featured_media":0,"parent":626,"menu_order":0,"comment_status":"closed","ping_status":"closed","template":"elementor_theme","meta":{"content-type":"","footnotes":""},"class_list":["post-4102","page","type-page","status-publish","hentry"],"blocksy_meta":{"styles_descriptor":{"styles":{"desktop":"","tablet":"","mobile":""},"google_fonts":[],"version":6}},"_links":{"self":[{"href":"https:\/\/griecoimmigration.com\/es\/wp-json\/wp\/v2\/pages\/4102","targetHints":{"allow":["GET"]}}],"collection":[{"href":"https:\/\/griecoimmigration.com\/es\/wp-json\/wp\/v2\/pages"}],"about":[{"href":"https:\/\/griecoimmigration.com\/es\/wp-json\/wp\/v2\/types\/page"}],"author":[{"embeddable":true,"href":"https:\/\/griecoimmigration.com\/es\/wp-json\/wp\/v2\/users\/3"}],"replies":[{"embeddable":true,"href":"https:\/\/griecoimmigration.com\/es\/wp-json\/wp\/v2\/comments?post=4102"}],"version-history":[{"count":0,"href":"https:\/\/griecoimmigration.com\/es\/wp-json\/wp\/v2\/pages\/4102\/revisions"}],"up":[{"embeddable":true,"href":"https:\/\/griecoimmigration.com\/es\/wp-json\/wp\/v2\/pages\/626"}],"wp:attachment":[{"href":"https:\/\/griecoimmigration.com\/es\/wp-json\/wp\/v2\/media?parent=4102"}],"curies":[{"name":"wp","href":"https:\/\/api.w.org\/{rel}","templated":true}]}}