{"id":3793,"date":"2022-02-28T20:33:50","date_gmt":"2022-03-01T01:33:50","guid":{"rendered":"https:\/\/griecoimmigration.com\/?page_id=3793"},"modified":"2022-03-30T00:26:40","modified_gmt":"2022-03-30T05:26:40","slug":"sports-immigration","status":"publish","type":"page","link":"https:\/\/griecoimmigration.com\/es\/practice-areas\/sports-immigration\/","title":{"rendered":"Inmigraci\u00f3n de Atletas"},"content":{"rendered":"<div data-elementor-type=\"wp-page\" data-elementor-id=\"3793\" class=\"elementor elementor-3793\" data-elementor-post-type=\"page\">\n\t\t\t\t\t\t<section class=\"elementor-section elementor-top-section elementor-element elementor-element-bd296a9 elementor-section-content-middle elementor-section-boxed elementor-section-height-default elementor-section-height-default\" data-id=\"bd296a9\" data-element_type=\"section\" data-e-type=\"section\">\n\t\t\t\t\t\t<div class=\"elementor-container elementor-column-gap-wide\">\n\t\t\t\t\t<div class=\"elementor-column elementor-col-50 elementor-top-column elementor-element elementor-element-e6b402c\" data-id=\"e6b402c\" data-element_type=\"column\" data-e-type=\"column\">\n\t\t\t<div class=\"elementor-widget-wrap elementor-element-populated\">\n\t\t\t\t\t\t<div class=\"elementor-element elementor-element-031ff4b elementor-widget elementor-widget-heading\" data-id=\"031ff4b\" data-element_type=\"widget\" data-e-type=\"widget\" data-widget_type=\"heading.default\">\n\t\t\t\t<div class=\"elementor-widget-container\">\n\t\t\t\t\t<h2 class=\"elementor-heading-title elementor-size-default\">Visas B, H, O, P y L<\/h2>\t\t\t\t<\/div>\n\t\t\t\t<\/div>\n\t\t\t\t<div class=\"elementor-element elementor-element-5621816 elementor-widget elementor-widget-text-editor\" data-id=\"5621816\" data-element_type=\"widget\" data-e-type=\"widget\" data-widget_type=\"text-editor.default\">\n\t\t\t\t<div class=\"elementor-widget-container\">\n\t\t\t\t\t\t\t\t\t<p><b>Los atletas internacionales, entrenadores y su personal de apoyo pueden beneficiarse de una variedad de opciones de visa seg\u00fan sus actividades deportivas y profesionales, incluido el nivel de experiencia, reconocimiento, pago o salario.<\/b><\/p><p>Usualmente las visas disponibles de no inmigrante son B-1, B-2, H-1B, H-2B, O-1 y\/o P-1 visas.<\/p><p><span style=\"font-size: inherit; text-align: inherit; color: var(--color); font-family: var( --e-global-typography-text-font-family ), Sans-serif; font-weight: var( --e-global-typography-text-font-weight ); font-style: var(--fontStyle, inherit); letter-spacing: var(--letterSpacing); text-transform: var(--textTransform);\">El personal de apoyo esencial es elegible para visas como por ejemplo la P-1S. Adem\u00e1s, las entidades deportivas extranjeras pueden utilizar la categor\u00eda de transferencia dentro de la empresa L-1 para traer empleados ejecutivos o gerenciales (L-1A) y empleados con conocimientos especializados (L-1B) para trabajar en una sucursal calificada en los Estados Unidos.<\/span><\/p>\t\t\t\t\t\t\t\t<\/div>\n\t\t\t\t<\/div>\n\t\t\t\t\t<\/div>\n\t\t<\/div>\n\t\t\t\t<div class=\"elementor-column elementor-col-50 elementor-top-column elementor-element elementor-element-16f94c8\" data-id=\"16f94c8\" data-element_type=\"column\" data-e-type=\"column\">\n\t\t\t<div class=\"elementor-widget-wrap elementor-element-populated\">\n\t\t\t\t\t\t<div class=\"elementor-element elementor-element-63a8d85 elementor-widget elementor-widget-image\" data-id=\"63a8d85\" data-element_type=\"widget\" data-e-type=\"widget\" data-widget_type=\"image.default\">\n\t\t\t\t<div class=\"elementor-widget-container\">\n\t\t\t\t\t\t\t\t\t\t\t\t\t\t\t<img fetchpriority=\"high\" decoding=\"async\" width=\"1024\" height=\"551\" src=\"https:\/\/griecoimmigration.com\/wp-content\/uploads\/2022\/03\/sport-immigration-1024x551.webp\" class=\"attachment-large size-large wp-image-4084\" alt=\"Sport Immigration\" srcset=\"https:\/\/griecoimmigration.com\/wp-content\/uploads\/2022\/03\/sport-immigration-1024x551.webp 1024w, https:\/\/griecoimmigration.com\/wp-content\/uploads\/2022\/03\/sport-immigration-300x162.webp 300w, https:\/\/griecoimmigration.com\/wp-content\/uploads\/2022\/03\/sport-immigration-768x414.webp 768w, https:\/\/griecoimmigration.com\/wp-content\/uploads\/2022\/03\/sport-immigration.webp 1300w\" sizes=\"(max-width: 1024px) 100vw, 1024px\" \/>\t\t\t\t\t\t\t\t\t\t\t\t\t\t\t<\/div>\n\t\t\t\t<\/div>\n\t\t\t\t<div class=\"elementor-element elementor-element-9a590cf elementor-widget elementor-widget-text-editor\" data-id=\"9a590cf\" data-element_type=\"widget\" data-e-type=\"widget\" data-widget_type=\"text-editor.default\">\n\t\t\t\t<div class=\"elementor-widget-container\">\n\t\t\t\t\t\t\t\t\t<p>Tambi\u00e9n hay una variedad de opciones de categor\u00eda de inmigrante (residente) como EB-1A, EB-2\/NIW y EB2\/EB3 con certificaci\u00f3n PERM.<\/p><p><b>Comun\u00edquese con nuestra oficina para que podamos ayudarlo a determinar que actividades deportivas se pueden realizar en cada opci\u00f3n y encontrar la categor\u00eda de visa adecuada para usted o su organizaci\u00f3n.<\/b><\/p>\t\t\t\t\t\t\t\t<\/div>\n\t\t\t\t<\/div>\n\t\t\t\t\t<\/div>\n\t\t<\/div>\n\t\t\t\t\t<\/div>\n\t\t<\/section>\n\t\t\t\t<\/div>","protected":false},"excerpt":{"rendered":"<p>B, H, O, P and L Visas International athletes, coaches and their support personnel may benefit from a variety of visa options depending on their athletic and professional activities, including level of expertise, recognition, payment or salary. Generally, the non-immigrant available visas are the B-1, B-2, H-1B, H-2B, O-1 and\/or P-1 visas. Essential support staff [&hellip;]<\/p>\n","protected":false},"author":3,"featured_media":0,"parent":626,"menu_order":6,"comment_status":"closed","ping_status":"closed","template":"","meta":{"content-type":"","footnotes":""},"class_list":["post-3793","page","type-page","status-publish","hentry"],"blocksy_meta":{"styles_descriptor":{"styles":{"desktop":"","tablet":"","mobile":""},"google_fonts":[],"version":6}},"_links":{"self":[{"href":"https:\/\/griecoimmigration.com\/es\/wp-json\/wp\/v2\/pages\/3793","targetHints":{"allow":["GET"]}}],"collection":[{"href":"https:\/\/griecoimmigration.com\/es\/wp-json\/wp\/v2\/pages"}],"about":[{"href":"https:\/\/griecoimmigration.com\/es\/wp-json\/wp\/v2\/types\/page"}],"author":[{"embeddable":true,"href":"https:\/\/griecoimmigration.com\/es\/wp-json\/wp\/v2\/users\/3"}],"replies":[{"embeddable":true,"href":"https:\/\/griecoimmigration.com\/es\/wp-json\/wp\/v2\/comments?post=3793"}],"version-history":[{"count":0,"href":"https:\/\/griecoimmigration.com\/es\/wp-json\/wp\/v2\/pages\/3793\/revisions"}],"up":[{"embeddable":true,"href":"https:\/\/griecoimmigration.com\/es\/wp-json\/wp\/v2\/pages\/626"}],"wp:attachment":[{"href":"https:\/\/griecoimmigration.com\/es\/wp-json\/wp\/v2\/media?parent=3793"}],"curies":[{"name":"wp","href":"https:\/\/api.w.org\/{rel}","templated":true}]}}