{"id":2651,"date":"2022-01-26T20:41:12","date_gmt":"2022-01-26T20:41:12","guid":{"rendered":"https:\/\/griecoimmigration.com\/?page_id=2651"},"modified":"2022-03-30T00:12:47","modified_gmt":"2022-03-30T05:12:47","slug":"humanitarian-parole","status":"publish","type":"page","link":"https:\/\/griecoimmigration.com\/es\/practice-areas\/humanitarian-parole\/","title":{"rendered":"Libertad Condicional Humanitaria"},"content":{"rendered":"<div data-elementor-type=\"wp-page\" data-elementor-id=\"2651\" class=\"elementor elementor-2651\" data-elementor-post-type=\"page\">\n\t\t\t\t\t\t<section class=\"elementor-section elementor-top-section elementor-element elementor-element-c67bee8 elementor-section-content-middle elementor-reverse-mobile elementor-section-boxed elementor-section-height-default elementor-section-height-default\" data-id=\"c67bee8\" data-element_type=\"section\" data-e-type=\"section\">\n\t\t\t\t\t\t<div class=\"elementor-container elementor-column-gap-wide\">\n\t\t\t\t\t<div class=\"elementor-column elementor-col-50 elementor-top-column elementor-element elementor-element-964bdd6\" data-id=\"964bdd6\" data-element_type=\"column\" data-e-type=\"column\">\n\t\t\t<div class=\"elementor-widget-wrap elementor-element-populated\">\n\t\t\t\t\t\t<div class=\"elementor-element elementor-element-d552570 elementor-widget elementor-widget-heading\" data-id=\"d552570\" data-element_type=\"widget\" data-e-type=\"widget\" data-widget_type=\"heading.default\">\n\t\t\t\t<div class=\"elementor-widget-container\">\n\t\t\t\t\t<h2 class=\"elementor-heading-title elementor-size-default\">Libertad Condicional Humanitaria<\/h2>\t\t\t\t<\/div>\n\t\t\t\t<\/div>\n\t\t\t\t<div class=\"elementor-element elementor-element-92f583a elementor-widget elementor-widget-text-editor\" data-id=\"92f583a\" data-element_type=\"widget\" data-e-type=\"widget\" data-widget_type=\"text-editor.default\">\n\t\t\t\t<div class=\"elementor-widget-container\">\n\t\t\t\t\t\t\t\t\t<p><b>La libertad condicional permite que una persona que puede ser inadmisible o no elegible para la admisi\u00f3n a los Estados Unidos permanezca en los Estados Unidos por un periodo temporal por razones humanitarias urgentes o un beneficio p\u00fablico significativo.<\/b><\/p><p>Nuestra oficina puede solicitar la libertad condicional humanitaria si tiene una emergencia y existe una raz\u00f3n urgente humanitaria o beneficio p\u00fablico significativo para permitirle ingresar temporalmente a los Estados Unidos.<\/p><p>El proceso de libertad condicional humanitaria no pretende evitar los procesos normales de emisi\u00f3n de visas. Lo representaremos ante la agencia correspondiente si ha sido expulsado anteriormente de los Estados Unidos o si actualmente se encuentra en proceso de expulsi\u00f3n.\u00a0<\/p>\t\t\t\t\t\t\t\t<\/div>\n\t\t\t\t<\/div>\n\t\t\t\t<div class=\"elementor-element elementor-element-1dd7686 elementor-widget elementor-widget-text-editor\" data-id=\"1dd7686\" data-element_type=\"widget\" data-e-type=\"widget\" data-widget_type=\"text-editor.default\">\n\t\t\t\t<div class=\"elementor-widget-container\">\n\t\t\t\t\t\t\t\t\t<p>Para m\u00e1s informaci\u00f3n, p\u00f3ngase en contacto con nuestra oficina.<\/p>\t\t\t\t\t\t\t\t<\/div>\n\t\t\t\t<\/div>\n\t\t\t\t\t<\/div>\n\t\t<\/div>\n\t\t\t\t<div class=\"elementor-column elementor-col-50 elementor-top-column elementor-element elementor-element-4841341\" data-id=\"4841341\" data-element_type=\"column\" data-e-type=\"column\">\n\t\t\t<div class=\"elementor-widget-wrap elementor-element-populated\">\n\t\t\t\t\t\t<div class=\"elementor-element elementor-element-f461ea5 elementor-widget elementor-widget-image\" data-id=\"f461ea5\" data-element_type=\"widget\" data-e-type=\"widget\" data-widget_type=\"image.default\">\n\t\t\t\t<div class=\"elementor-widget-container\">\n\t\t\t\t\t\t\t\t\t\t\t\t\t\t\t<img fetchpriority=\"high\" decoding=\"async\" width=\"1024\" height=\"1024\" src=\"https:\/\/griecoimmigration.com\/wp-content\/uploads\/2022\/03\/humanitarian-parole-1024x1024.webp\" class=\"attachment-large size-large wp-image-3837\" alt=\"Humanitarian Parole\" srcset=\"https:\/\/griecoimmigration.com\/wp-content\/uploads\/2022\/03\/humanitarian-parole-1024x1024.webp 1024w, https:\/\/griecoimmigration.com\/wp-content\/uploads\/2022\/03\/humanitarian-parole-300x300.webp 300w, https:\/\/griecoimmigration.com\/wp-content\/uploads\/2022\/03\/humanitarian-parole-150x150.webp 150w, https:\/\/griecoimmigration.com\/wp-content\/uploads\/2022\/03\/humanitarian-parole-768x768.webp 768w, https:\/\/griecoimmigration.com\/wp-content\/uploads\/2022\/03\/humanitarian-parole-650x650.webp 650w, https:\/\/griecoimmigration.com\/wp-content\/uploads\/2022\/03\/humanitarian-parole.webp 1200w\" sizes=\"(max-width: 1024px) 100vw, 1024px\" \/>\t\t\t\t\t\t\t\t\t\t\t\t\t\t\t<\/div>\n\t\t\t\t<\/div>\n\t\t\t\t\t<\/div>\n\t\t<\/div>\n\t\t\t\t\t<\/div>\n\t\t<\/section>\n\t\t\t\t<\/div>","protected":false},"excerpt":{"rendered":"<p>Humanitarian Parole Parole allows an individual who may be inadmissible or ineligible for admission into the United States to be in the United States for a temporary period for urgent humanitarian reasons or significant public benefit. Our office may apply for humanitarian parole if you have a compelling emergency and there is an urgent humanitarian [&hellip;]<\/p>\n","protected":false},"author":3,"featured_media":0,"parent":626,"menu_order":4,"comment_status":"closed","ping_status":"closed","template":"","meta":{"content-type":"","footnotes":""},"class_list":["post-2651","page","type-page","status-publish","hentry"],"blocksy_meta":{"styles_descriptor":{"styles":{"desktop":"","tablet":"","mobile":""},"google_fonts":[],"version":6}},"_links":{"self":[{"href":"https:\/\/griecoimmigration.com\/es\/wp-json\/wp\/v2\/pages\/2651","targetHints":{"allow":["GET"]}}],"collection":[{"href":"https:\/\/griecoimmigration.com\/es\/wp-json\/wp\/v2\/pages"}],"about":[{"href":"https:\/\/griecoimmigration.com\/es\/wp-json\/wp\/v2\/types\/page"}],"author":[{"embeddable":true,"href":"https:\/\/griecoimmigration.com\/es\/wp-json\/wp\/v2\/users\/3"}],"replies":[{"embeddable":true,"href":"https:\/\/griecoimmigration.com\/es\/wp-json\/wp\/v2\/comments?post=2651"}],"version-history":[{"count":0,"href":"https:\/\/griecoimmigration.com\/es\/wp-json\/wp\/v2\/pages\/2651\/revisions"}],"up":[{"embeddable":true,"href":"https:\/\/griecoimmigration.com\/es\/wp-json\/wp\/v2\/pages\/626"}],"wp:attachment":[{"href":"https:\/\/griecoimmigration.com\/es\/wp-json\/wp\/v2\/media?parent=2651"}],"curies":[{"name":"wp","href":"https:\/\/api.w.org\/{rel}","templated":true}]}}