{"id":123,"date":"2021-11-25T17:55:55","date_gmt":"2021-11-25T17:55:55","guid":{"rendered":"https:\/\/griecoimmigration.com\/?page_id=123"},"modified":"2022-03-04T20:40:46","modified_gmt":"2022-03-05T01:40:46","slug":"naturalization-and-acquisition","status":"publish","type":"page","link":"https:\/\/griecoimmigration.com\/es\/practice-areas\/naturalization-and-acquisition\/","title":{"rendered":"Naturalizaci\u00f3n y Adquisici\u00f3n"},"content":{"rendered":"<div data-elementor-type=\"wp-page\" data-elementor-id=\"123\" class=\"elementor elementor-123\" data-elementor-post-type=\"page\">\n\t\t\t\t\t\t<section class=\"elementor-section elementor-top-section elementor-element elementor-element-26a92de5 elementor-section-content-middle elementor-section-boxed elementor-section-height-default elementor-section-height-default\" data-id=\"26a92de5\" data-element_type=\"section\" data-e-type=\"section\">\n\t\t\t\t\t\t<div class=\"elementor-container elementor-column-gap-wide\">\n\t\t\t\t\t<div class=\"elementor-column elementor-col-66 elementor-top-column elementor-element elementor-element-77dbab0e\" data-id=\"77dbab0e\" data-element_type=\"column\" data-e-type=\"column\">\n\t\t\t<div class=\"elementor-widget-wrap elementor-element-populated\">\n\t\t\t\t\t\t<div class=\"elementor-element elementor-element-2dcace85 elementor-widget elementor-widget-text-editor\" data-id=\"2dcace85\" data-element_type=\"widget\" data-e-type=\"widget\" data-widget_type=\"text-editor.default\">\n\t\t\t\t<div class=\"elementor-widget-container\">\n\t\t\t\t\t\t\t\t\t<p>Generalmente, una persona que tiene la residencia por cinco a\u00f1os (tres a\u00f1os si est\u00e1 casado con un ciudadano americano) puede calificar para convertirse en ciudadano americano naturalizado.<\/p>\t\t\t\t\t\t\t\t<\/div>\n\t\t\t\t<\/div>\n\t\t\t\t<section class=\"elementor-section elementor-inner-section elementor-element elementor-element-2821f5b1 elementor-section-boxed elementor-section-height-default elementor-section-height-default\" data-id=\"2821f5b1\" data-element_type=\"section\" data-e-type=\"section\">\n\t\t\t\t\t\t<div class=\"elementor-container elementor-column-gap-default\">\n\t\t\t\t\t<div class=\"elementor-column elementor-col-50 elementor-inner-column elementor-element elementor-element-65213e1b\" data-id=\"65213e1b\" data-element_type=\"column\" data-e-type=\"column\">\n\t\t\t<div class=\"elementor-widget-wrap elementor-element-populated\">\n\t\t\t\t\t\t<div class=\"elementor-element elementor-element-1af4a59a elementor-widget elementor-widget-text-editor\" data-id=\"1af4a59a\" data-element_type=\"widget\" data-e-type=\"widget\" data-widget_type=\"text-editor.default\">\n\t\t\t\t<div class=\"elementor-widget-container\">\n\t\t\t\t\t\t\t\t\t<p>La decisi\u00f3n de naturalizarse es una de las decisiones m\u00e1s importantes que puede tomar un inmigrante y puede complicarse por problemas en su registro.<\/p><p>Adem\u00e1s, algunas personas adquieren la ciudadan\u00eda estadounidense a trav\u00e9s de padres que son ciudadanos americanos al nacer y despu\u00e9s del nacimiento.<\/p><p>El Congreso tiene leyes espec\u00edficas que determinan como un padre ciudadano americano transmite la ciudadan\u00eda a los ni\u00f1os nacidos fuera de los Estados Unidos.<\/p>\t\t\t\t\t\t\t\t<\/div>\n\t\t\t\t<\/div>\n\t\t\t\t\t<\/div>\n\t\t<\/div>\n\t\t\t\t<div class=\"elementor-column elementor-col-50 elementor-inner-column elementor-element elementor-element-5426c163\" data-id=\"5426c163\" data-element_type=\"column\" data-e-type=\"column\">\n\t\t\t<div class=\"elementor-widget-wrap elementor-element-populated\">\n\t\t\t\t\t\t<div class=\"elementor-element elementor-element-611756e1 elementor-widget elementor-widget-text-editor\" data-id=\"611756e1\" data-element_type=\"widget\" data-e-type=\"widget\" data-widget_type=\"text-editor.default\">\n\t\t\t\t<div class=\"elementor-widget-container\">\n\t\t\t\t\t\t\t\t\t<p>La ley vigente en el momento del nacimiento determina si una persona nacida fuera de los Estados Unidos de padre (o padres) ciudadanos americanos es ciudadano americano al nacer.<\/p><p>En general, estas leyes requieren que al menos uno de los padres sea ciudadano americano y que haya vivido en los Estados Unidos durante un periodo de tiempo.<\/p><p>Adem\u00e1s, los ni\u00f1os nacidos en el extranjero pueden convertirse en ciudadanos americanos despu\u00e9s del nacimiento. Es importante consultar con un abogado de inmigraci\u00f3n con experiencia para determinar su elegibilidad y estado.<\/p>\t\t\t\t\t\t\t\t<\/div>\n\t\t\t\t<\/div>\n\t\t\t\t\t<\/div>\n\t\t<\/div>\n\t\t\t\t\t<\/div>\n\t\t<\/section>\n\t\t\t\t\t<\/div>\n\t\t<\/div>\n\t\t\t\t<div class=\"elementor-column elementor-col-33 elementor-top-column elementor-element elementor-element-1cabfb98\" data-id=\"1cabfb98\" data-element_type=\"column\" data-e-type=\"column\">\n\t\t\t<div class=\"elementor-widget-wrap elementor-element-populated\">\n\t\t\t\t\t\t<div class=\"elementor-element elementor-element-4cc0d2c0 elementor-widget elementor-widget-image\" data-id=\"4cc0d2c0\" data-element_type=\"widget\" data-e-type=\"widget\" data-widget_type=\"image.default\">\n\t\t\t\t<div class=\"elementor-widget-container\">\n\t\t\t\t\t\t\t\t\t\t\t\t\t\t\t<img decoding=\"async\" src=\"https:\/\/griecoimmigration.com\/wp-content\/uploads\/elementor\/thumbs\/Naturalization-and-Acquisition-pleb4epn38m3c9lm6tho14qjohnr4fas7nmbfdym3o.webp\" title=\"Naturalizaci\u00f3n y Adquisici\u00f3n\" alt=\"Naturalization and Acquisition\" loading=\"lazy\" \/>\t\t\t\t\t\t\t\t\t\t\t\t\t\t\t<\/div>\n\t\t\t\t<\/div>\n\t\t\t\t\t<\/div>\n\t\t<\/div>\n\t\t\t\t\t<\/div>\n\t\t<\/section>\n\t\t\t\t<\/div>","protected":false},"excerpt":{"rendered":"<p>Generally, a person holding a green card for five years (three years if married to a U.S. citizen) may qualify to become a naturalized U.S. citizen. The decision to naturalize is one of the most important decisions an immigrant can make and may be complicated by issues in your record. In addition, some individuals acquire [&hellip;]<\/p>\n","protected":false},"author":3,"featured_media":0,"parent":626,"menu_order":3,"comment_status":"closed","ping_status":"closed","template":"","meta":{"content-type":"","footnotes":""},"class_list":["post-123","page","type-page","status-publish","hentry"],"blocksy_meta":{"styles_descriptor":{"styles":{"desktop":"","tablet":"","mobile":""},"google_fonts":[],"version":6}},"_links":{"self":[{"href":"https:\/\/griecoimmigration.com\/es\/wp-json\/wp\/v2\/pages\/123","targetHints":{"allow":["GET"]}}],"collection":[{"href":"https:\/\/griecoimmigration.com\/es\/wp-json\/wp\/v2\/pages"}],"about":[{"href":"https:\/\/griecoimmigration.com\/es\/wp-json\/wp\/v2\/types\/page"}],"author":[{"embeddable":true,"href":"https:\/\/griecoimmigration.com\/es\/wp-json\/wp\/v2\/users\/3"}],"replies":[{"embeddable":true,"href":"https:\/\/griecoimmigration.com\/es\/wp-json\/wp\/v2\/comments?post=123"}],"version-history":[{"count":0,"href":"https:\/\/griecoimmigration.com\/es\/wp-json\/wp\/v2\/pages\/123\/revisions"}],"up":[{"embeddable":true,"href":"https:\/\/griecoimmigration.com\/es\/wp-json\/wp\/v2\/pages\/626"}],"wp:attachment":[{"href":"https:\/\/griecoimmigration.com\/es\/wp-json\/wp\/v2\/media?parent=123"}],"curies":[{"name":"wp","href":"https:\/\/api.w.org\/{rel}","templated":true}]}}